{"id":25196,"date":"2019-07-25T14:57:34","date_gmt":"2019-07-25T22:57:34","guid":{"rendered":"https:\/\/www.dlcpharmahaiti.com\/1\/?page_id=25196"},"modified":"2019-08-13T14:04:51","modified_gmt":"2019-08-13T22:04:51","slug":"dlc-cash","status":"publish","type":"page","link":"https:\/\/www.dlcpharmahaiti.com\/1\/dlc-cash\/","title":{"rendered":"DLC CASH"},"content":{"rendered":"<h2 style=\"text-align: center;\">Termes et Conditions d&#8217;Utilisation<\/h2>\n<h2 style=\"text-align: center;\">DLC CASH<\/h2>\n<h4>1. D\u00e9finition<\/h4>\n<p>La DLC CASH est un Porte-monnaie \u00e9lectronique (E-Wallet) interne \u00e0 la DLC PHARMA permettant \u00e0 son titulaire d\u2019effectuer des paiements de faibles montants.<br \/>\nChaque d\u00e9tenteur de compte DLC-PHARMA b\u00e9n\u00e9ficie automatiquement d\u2019un compte DLC Cash<br \/>\nPour cr\u00e9er son compte DLC PHARMA, il suffit de se rendre sur le site de la DLC PHARMA : www.dlcpharmahaiti.com ou \u00e0 travers l\u2019application \u00ab VISITMED \u00bb t\u00e9l\u00e9chargeable sur PLAY STORE.<\/p>\n<h4>2. Utilit\u00e9s de la DLC CASH<\/h4>\n<p>Il est utilisable uniquement \u00e0 la DLC PHARMA et chez les prestataires de services adh\u00e9rents \u00e0 ce moyen de paiement pour :<br \/>\n\u2022 Acheter en ligne ou aux comptoirs de la DLC PHARMA<br \/>\n\u2022 Payer ses factures chez son m\u00e9decin (consultation, soins hospitaliers\u2026)<br \/>\n\u2022 Payer ses factures d\u2019examen aux Laboratoires biologique<br \/>\n\u2022 Payer ses factures d\u2019examen d\u2019imagerie m\u00e9dicale<\/p>\n<h4>3. Comment renflouer son Porte-monnaie DLC CASH<\/h4>\n<p>Les clients r\u00e9guliers ou toute personne voulant renflouer son Portefeuille DLC CASH peuvent le faire :<br \/>\na.- en ligne : en contrepartie de Gourdes r\u00e9elles ou \u00e0 \u00e9quivalence en dollars r\u00e9els au taux du jour de la BRH.<br \/>\nb.- aux comptoirs physiques de la DLC PHARMA<br \/>\nc.- Par ailleurs, tout client, apr\u00e8s avoir achet\u00e9 \u00e0 la DLC PHARMA, b\u00e9n\u00e9ficie d\u2019un renflouement automatique de leur Portefeuille sous-forme de CASH BACK .<\/p>\n<h4>4. Gestion et administration<\/h4>\n<p>a.- Plafonds de d\u00e9p\u00f4t : Le plafond des d\u00e9p\u00f4ts maximal pour le renflouement d\u2019un Porte-monnaie DLC CASH est limit\u00e9 \u00e0 25,000gourdes. Toute personne d\u00e9tenant un compte DLC CASH et qui l\u2019utilise est assujettie aux principes de gestion de la DLC CASH.<\/p>\n<p>b.- Le d\u00e9tenteur pourra suivre toutes les transactions effectu\u00e9es sur son compte sur son tableau de bord faisant office de livret \u00e9lectronique.<\/p>\n<p>c. N\u2019\u00e9tant pas une banque, l\u2019argent d\u00e9pos\u00e9 dans un Porte-monnaie DLC CASH, en aucun cas ne g\u00e9n\u00e9rera pas d\u2019int\u00e9r\u00eat<\/p>\n<p>d.- L\u2019argent d\u00e9pos\u00e9 en aucun cas ne peut \u00eatre restitu\u00e9 que sous forme de services identifi\u00e9s dans le point 2 des r\u00e8glements de la DLC CASH.<\/p>\n<p>e.- Le titulaire a la responsabilit\u00e9 de la garde de ses mots de passe donnant acc\u00e8s \u00e0 son compte DLC CASH. En cons\u00e9quence, toute transaction fait \u00e0 des adh\u00e9rents \u00e0 la DLC CASH seront valables sauf si la DLC PHARMA avait \u00e9t\u00e9 notifi\u00e9e auparavant de la perte ou piratage du mot de passe ou encore, \u00e0 la mort du d\u00e9tenteur du Porte-monnaie.<\/p>\n<p>f.-La perte ou l\u2019oublie&nbsp; du mot de passe doit \u00eatre notifi\u00e9e en personne \u00e0 la DLC PHARMA, qui pourra attribuer&nbsp; un nouveau mot de passe au d\u00e9tenteur apr\u00e8s avoir obtenu la d\u00e9claration \u00e9crite et sign\u00e9e du d\u00e9tenteur annulant ainsi le mot de passe ant\u00e9rieurement valide et donnant d\u00e9charge et quittance satisfaisante \u00e0 la DLC PHARMA<\/p>\n<p>g.- La DLC PHARMA permettra la cession et le transfert, \u00e0 la famille d\u2019un d\u00e9tenteur de Porte-monnaie d\u00e9c\u00e9d\u00e9, du solde de son&nbsp; porte-monnaie&nbsp; apr\u00e8s r\u00e9ception d\u2019un document valide prouvant l\u00e9galement prouver le d\u00e9c\u00e8s de ce d\u00e9tenteur.<\/p>\n<p>h.- La DLC PHARMA pourra, \u00e0 sa convenance, modifier les modalit\u00e9s de gestion et d\u2019administration du porte-monnaie. Toute modification sera notifi\u00e9 par email et sur le site <a href=\"http:\/\/www.dlcpharmahaiti.com\">www.dlcpharmahaiti.com<\/a> .<\/p>\n<p><strong><em>DLC CASH, le premier porte-monnaie \u00e9lectronique m\u00e9dical d\u2019HAITI<\/em><\/strong><\/p>\n","protected":false},"excerpt":{"rendered":"<p>Termes et Conditions d&#8217;Utilisation DLC CASH 1. D\u00e9finition La DLC CASH est un Porte-monnaie \u00e9lectronique (E-Wallet) interne \u00e0 la DLC PHARMA permettant \u00e0 son titulaire d\u2019effectuer des paiements de faibles montants. Chaque d\u00e9tenteur de compte DLC-PHARMA b\u00e9n\u00e9ficie automatiquement d\u2019un compte DLC Cash Pour cr\u00e9er son compte DLC PHARMA, il suffit de se rendre sur le &hellip; <a href=\"https:\/\/www.dlcpharmahaiti.com\/1\/dlc-cash\/\" class=\"more-link\">Continue reading <span class=\"screen-reader-text\">DLC CASH<\/span><\/a><\/p>\n","protected":false},"author":16,"featured_media":0,"parent":0,"menu_order":0,"comment_status":"closed","ping_status":"closed","template":"page-templates\/right-sidebar.php","meta":{"footnotes":""},"class_list":["post-25196","page","type-page","status-publish","hentry"],"_links":{"self":[{"href":"https:\/\/www.dlcpharmahaiti.com\/1\/wp-json\/wp\/v2\/pages\/25196","targetHints":{"allow":["GET"]}}],"collection":[{"href":"https:\/\/www.dlcpharmahaiti.com\/1\/wp-json\/wp\/v2\/pages"}],"about":[{"href":"https:\/\/www.dlcpharmahaiti.com\/1\/wp-json\/wp\/v2\/types\/page"}],"author":[{"embeddable":true,"href":"https:\/\/www.dlcpharmahaiti.com\/1\/wp-json\/wp\/v2\/users\/16"}],"replies":[{"embeddable":true,"href":"https:\/\/www.dlcpharmahaiti.com\/1\/wp-json\/wp\/v2\/comments?post=25196"}],"version-history":[{"count":4,"href":"https:\/\/www.dlcpharmahaiti.com\/1\/wp-json\/wp\/v2\/pages\/25196\/revisions"}],"predecessor-version":[{"id":28680,"href":"https:\/\/www.dlcpharmahaiti.com\/1\/wp-json\/wp\/v2\/pages\/25196\/revisions\/28680"}],"wp:attachment":[{"href":"https:\/\/www.dlcpharmahaiti.com\/1\/wp-json\/wp\/v2\/media?parent=25196"}],"curies":[{"name":"wp","href":"https:\/\/api.w.org\/{rel}","templated":true}]}}