{"id":7174,"date":"2018-04-09T06:23:54","date_gmt":"2018-04-09T14:23:54","guid":{"rendered":"https:\/\/www.dlcpharmahaiti.com\/1\/?post_type=product&#038;p=7174"},"modified":"2021-07-19T20:04:06","modified_gmt":"2021-07-20T00:04:06","slug":"orajel-soulagement-immediat-des-maux-de-dents-avec-benzocaine-gel-force-reguliere-retire-rapide-53-gr","status":"publish","type":"product","link":"https:\/\/www.dlcpharmahaiti.com\/1\/produit\/orajel-soulagement-immediat-des-maux-de-dents-avec-benzocaine-gel-force-reguliere-retire-rapide-53-gr\/","title":{"rendered":"Orajel Soulagement Imm\u00e9diat des maux de dents avec Benzocaine Gel force r\u00e9guli\u00e8re retire rapide"},"content":{"rendered":"","protected":false},"excerpt":{"rendered":"","protected":false},"featured_media":0,"template":"","meta":[],"product_brand":[],"product_cat":[362],"product_tag":[],"class_list":{"0":"post-7174","1":"product","2":"type-product","3":"status-publish","5":"product_cat-non-classe","8":"instock","9":"shipping-taxable","10":"purchasable","11":"product-type-simple"},"_links":{"self":[{"href":"https:\/\/www.dlcpharmahaiti.com\/1\/wp-json\/wp\/v2\/product\/7174","targetHints":{"allow":["GET"]}}],"collection":[{"href":"https:\/\/www.dlcpharmahaiti.com\/1\/wp-json\/wp\/v2\/product"}],"about":[{"href":"https:\/\/www.dlcpharmahaiti.com\/1\/wp-json\/wp\/v2\/types\/product"}],"version-history":[{"count":0,"href":"https:\/\/www.dlcpharmahaiti.com\/1\/wp-json\/wp\/v2\/product\/7174\/revisions"}],"wp:attachment":[{"href":"https:\/\/www.dlcpharmahaiti.com\/1\/wp-json\/wp\/v2\/media?parent=7174"}],"wp:term":[{"taxonomy":"product_brand","embeddable":true,"href":"https:\/\/www.dlcpharmahaiti.com\/1\/wp-json\/wp\/v2\/product_brand?post=7174"},{"taxonomy":"product_cat","embeddable":true,"href":"https:\/\/www.dlcpharmahaiti.com\/1\/wp-json\/wp\/v2\/product_cat?post=7174"},{"taxonomy":"product_tag","embeddable":true,"href":"https:\/\/www.dlcpharmahaiti.com\/1\/wp-json\/wp\/v2\/product_tag?post=7174"}],"curies":[{"name":"wp","href":"https:\/\/api.w.org\/{rel}","templated":true}]}}