{"id":7479,"date":"2018-04-11T09:17:51","date_gmt":"2018-04-11T17:17:51","guid":{"rendered":"https:\/\/www.dlcpharmahaiti.com\/1\/?post_type=product&#038;p=7479"},"modified":"2021-07-19T20:00:12","modified_gmt":"2021-07-20T00:00:12","slug":"lait-corps-nourissant-peaux-seches-tres-seche-tube-250-ml","status":"publish","type":"product","link":"https:\/\/www.dlcpharmahaiti.com\/1\/produit\/lait-corps-nourissant-peaux-seches-tres-seche-tube-250-ml\/","title":{"rendered":"Lait Corps Nourissant (Peaux S\u00e8ches @ Tr\u00e8s S\u00e8che) tube 250 ml"},"content":{"rendered":"","protected":false},"excerpt":{"rendered":"","protected":false},"featured_media":0,"template":"","meta":[],"product_brand":[],"product_cat":[362],"product_tag":[],"class_list":{"0":"post-7479","1":"product","2":"type-product","3":"status-publish","5":"product_cat-non-classe","8":"instock","9":"shipping-taxable","10":"purchasable","11":"product-type-simple"},"_links":{"self":[{"href":"https:\/\/www.dlcpharmahaiti.com\/1\/wp-json\/wp\/v2\/product\/7479","targetHints":{"allow":["GET"]}}],"collection":[{"href":"https:\/\/www.dlcpharmahaiti.com\/1\/wp-json\/wp\/v2\/product"}],"about":[{"href":"https:\/\/www.dlcpharmahaiti.com\/1\/wp-json\/wp\/v2\/types\/product"}],"version-history":[{"count":0,"href":"https:\/\/www.dlcpharmahaiti.com\/1\/wp-json\/wp\/v2\/product\/7479\/revisions"}],"wp:attachment":[{"href":"https:\/\/www.dlcpharmahaiti.com\/1\/wp-json\/wp\/v2\/media?parent=7479"}],"wp:term":[{"taxonomy":"product_brand","embeddable":true,"href":"https:\/\/www.dlcpharmahaiti.com\/1\/wp-json\/wp\/v2\/product_brand?post=7479"},{"taxonomy":"product_cat","embeddable":true,"href":"https:\/\/www.dlcpharmahaiti.com\/1\/wp-json\/wp\/v2\/product_cat?post=7479"},{"taxonomy":"product_tag","embeddable":true,"href":"https:\/\/www.dlcpharmahaiti.com\/1\/wp-json\/wp\/v2\/product_tag?post=7479"}],"curies":[{"name":"wp","href":"https:\/\/api.w.org\/{rel}","templated":true}]}}