{"id":7907,"date":"2018-04-14T13:14:44","date_gmt":"2018-04-14T17:14:44","guid":{"rendered":"https:\/\/www.dlcpharmahaiti.com\/1\/?post_type=product&#038;p=7907"},"modified":"2025-01-25T16:07:12","modified_gmt":"2025-01-25T20:07:12","slug":"veinoflux-jambes-legeres-bien-etre-immediat","status":"publish","type":"product","link":"https:\/\/www.dlcpharmahaiti.com\/1\/produit\/veinoflux-jambes-legeres-bien-etre-immediat\/","title":{"rendered":"Veinoflux Jambes l\u00e9g\u00e8res Bien-etre imm\u00e9diat"},"content":{"rendered":"","protected":false},"excerpt":{"rendered":"","protected":false},"featured_media":0,"template":"","meta":[],"product_brand":[],"product_cat":[362],"product_tag":[],"class_list":{"0":"post-7907","1":"product","2":"type-product","3":"status-publish","5":"product_cat-non-classe","8":"instock","9":"shipping-taxable","10":"purchasable","11":"product-type-simple"},"_links":{"self":[{"href":"https:\/\/www.dlcpharmahaiti.com\/1\/wp-json\/wp\/v2\/product\/7907","targetHints":{"allow":["GET"]}}],"collection":[{"href":"https:\/\/www.dlcpharmahaiti.com\/1\/wp-json\/wp\/v2\/product"}],"about":[{"href":"https:\/\/www.dlcpharmahaiti.com\/1\/wp-json\/wp\/v2\/types\/product"}],"version-history":[{"count":1,"href":"https:\/\/www.dlcpharmahaiti.com\/1\/wp-json\/wp\/v2\/product\/7907\/revisions"}],"predecessor-version":[{"id":89094,"href":"https:\/\/www.dlcpharmahaiti.com\/1\/wp-json\/wp\/v2\/product\/7907\/revisions\/89094"}],"wp:attachment":[{"href":"https:\/\/www.dlcpharmahaiti.com\/1\/wp-json\/wp\/v2\/media?parent=7907"}],"wp:term":[{"taxonomy":"product_brand","embeddable":true,"href":"https:\/\/www.dlcpharmahaiti.com\/1\/wp-json\/wp\/v2\/product_brand?post=7907"},{"taxonomy":"product_cat","embeddable":true,"href":"https:\/\/www.dlcpharmahaiti.com\/1\/wp-json\/wp\/v2\/product_cat?post=7907"},{"taxonomy":"product_tag","embeddable":true,"href":"https:\/\/www.dlcpharmahaiti.com\/1\/wp-json\/wp\/v2\/product_tag?post=7907"}],"curies":[{"name":"wp","href":"https:\/\/api.w.org\/{rel}","templated":true}]}}