{"id":8472,"date":"2018-04-19T08:10:11","date_gmt":"2018-04-19T16:10:11","guid":{"rendered":"https:\/\/www.dlcpharmahaiti.com\/1\/?post_type=product&#038;p=8472"},"modified":"2021-07-19T19:53:25","modified_gmt":"2021-07-19T23:53:25","slug":"bledine-cereales-pour-bebe","status":"publish","type":"product","link":"https:\/\/www.dlcpharmahaiti.com\/1\/produit\/bledine-cereales-pour-bebe\/","title":{"rendered":"Bledine C\u00e9r\u00e9ales pour B\u00e9B\u00e9"},"content":{"rendered":"","protected":false},"excerpt":{"rendered":"","protected":false},"featured_media":0,"template":"","meta":[],"product_brand":[],"product_cat":[362],"product_tag":[],"class_list":{"0":"post-8472","1":"product","2":"type-product","3":"status-publish","5":"product_cat-non-classe","8":"instock","9":"shipping-taxable","10":"purchasable","11":"product-type-simple"},"_links":{"self":[{"href":"https:\/\/www.dlcpharmahaiti.com\/1\/wp-json\/wp\/v2\/product\/8472","targetHints":{"allow":["GET"]}}],"collection":[{"href":"https:\/\/www.dlcpharmahaiti.com\/1\/wp-json\/wp\/v2\/product"}],"about":[{"href":"https:\/\/www.dlcpharmahaiti.com\/1\/wp-json\/wp\/v2\/types\/product"}],"version-history":[{"count":0,"href":"https:\/\/www.dlcpharmahaiti.com\/1\/wp-json\/wp\/v2\/product\/8472\/revisions"}],"wp:attachment":[{"href":"https:\/\/www.dlcpharmahaiti.com\/1\/wp-json\/wp\/v2\/media?parent=8472"}],"wp:term":[{"taxonomy":"product_brand","embeddable":true,"href":"https:\/\/www.dlcpharmahaiti.com\/1\/wp-json\/wp\/v2\/product_brand?post=8472"},{"taxonomy":"product_cat","embeddable":true,"href":"https:\/\/www.dlcpharmahaiti.com\/1\/wp-json\/wp\/v2\/product_cat?post=8472"},{"taxonomy":"product_tag","embeddable":true,"href":"https:\/\/www.dlcpharmahaiti.com\/1\/wp-json\/wp\/v2\/product_tag?post=8472"}],"curies":[{"name":"wp","href":"https:\/\/api.w.org\/{rel}","templated":true}]}}